{"id":950,"date":"2025-06-09T14:21:34","date_gmt":"2025-06-09T14:21:34","guid":{"rendered":"https:\/\/www.iacobucci.aero\/?page_id=950"},"modified":"2025-07-01T15:17:01","modified_gmt":"2025-07-01T15:17:01","slug":"design","status":"publish","type":"page","link":"https:\/\/www.iacobucci.aero\/it\/design\/","title":{"rendered":"Il design"},"content":{"rendered":"<section class=\"l-section wpb_row us_custom_8d14ffb1 cardWrapper height_auto full_height valign_center\"><div class=\"l-section-h i-cf\"><div class=\"g-cols vc_row via_grid cols_1 laptops-cols_inherit tablets-cols_inherit mobiles-cols_1 valign_top type_default stacking_default\"><div class=\"wpb_column vc_column_container\"><div class=\"vc_column-inner\"><div class=\"g-cols wpb_row hide_on_tablets hide_on_mobiles via_grid cols_1 laptops-cols_inherit tablets-cols_inherit mobiles-cols_1 valign_top type_default stacking_default\" style=\"--columns-gap:3rem;\" id=\"design_introDesktop\"><div class=\"wpb_column vc_column_container\"><div class=\"vc_column-inner\"><div class=\"wpb_text_column us_custom_626ce06b us_animate_this\"><div class=\"wpb_wrapper\"><h1>Eccellenza nel design \ne innovazione ingegneristica: \nl\u2019essenza di Iacobucci HF Aerospace<\/h1>\n<\/div><\/div><\/div><\/div><\/div><div class=\"g-cols wpb_row us_custom_73af3cf7 hide_on_default hide_on_laptops via_grid cols_1 laptops-cols_inherit tablets-cols_inherit mobiles-cols_1 valign_top type_default stacking_default\" style=\"--columns-gap:3rem;\" id=\"design_introMobile\"><div class=\"wpb_column vc_column_container\"><div class=\"vc_column-inner\"><div class=\"wpb_text_column us_custom_626ce06b us_animate_this\"><div class=\"wpb_wrapper\"><h1>Eccellenza nel design \ne innovazione ingegneristica: \nl\u2019essenza di Iacobucci HF Aerospace<\/h1>\n<\/div><\/div><\/div><\/div><\/div><div class=\"g-cols wpb_row us_custom_76329ac9 card has_text_color us_animate_this via_grid cols_1 laptops-cols_inherit tablets-cols_inherit mobiles-cols_1 valign_top type_default stacking_default\" style=\"--columns-gap:3rem;\"><div class=\"wpb_column vc_column_container\"><div class=\"vc_column-inner\"><div class=\"wpb_text_column us_custom_eb849559\"><div class=\"wpb_wrapper\"><h2>Innovazione, design ed eccellenza nel settore aeronautico<\/h2>\n<\/div><\/div><div class=\"w-separator size_custom\" style=\"height:3rem\"><\/div><div class=\"wpb_text_column us_custom_cdb31813\"><div class=\"wpb_wrapper\"><p>Da oltre 50 anni, siamo leader nella progettazione e produzione di soluzioni premium per l'industria aeronautica, realizzando Galley Insert, VIP Seat e Trolley.<\/p>\n<\/div><\/div><div class=\"w-separator size_custom\" style=\"height:2rem\"><\/div><div class=\"w-btn-wrapper align_center\"><a class=\"w-btn us-btn-style_6\" href=\"https:\/\/www.iacobucci.aero\/it\/company\/\"><span class=\"w-btn-label\">Scopri di pi\u00f9<\/span><\/a><\/div><\/div><\/div><\/div><\/div><\/div><\/div><\/div><\/section><section class=\"l-section wpb_row us_custom_0c246e1d height_auto width_full\" id=\"design__solutions\"><div class=\"l-section-h i-cf\"><div class=\"g-cols vc_row via_grid cols_1 laptops-cols_inherit tablets-cols_inherit mobiles-cols_1 valign_middle type_default stacking_default\"><div class=\"wpb_column vc_column_container\"><div class=\"vc_column-inner\"><\/div><\/div><\/div><\/div><\/section><section class=\"l-section wpb_row us_custom_aa266668 height_auto\"><div class=\"l-section-h i-cf\"><div class=\"g-cols vc_row via_grid cols_1 laptops-cols_inherit tablets-cols_inherit mobiles-cols_1 valign_top type_default stacking_default\" style=\"--columns-gap:1rem;\"><div class=\"wpb_column vc_column_container\"><div class=\"vc_column-inner\"><div class=\"g-cols wpb_row via_grid cols_3-2 laptops-cols_inherit tablets-cols_inherit mobiles-cols_1 valign_top type_default stacking_default\" style=\"--columns-gap:1rem;\"><div class=\"wpb_column vc_column_container us_custom_7b19d09d us_animate_this has_bg_color\"><div class=\"vc_column-inner\"><div class=\"wpb_text_column\"><div class=\"wpb_wrapper\"><p>La divisione ingegneristica sviluppa e studia nuovi materiali e <strong>soluzioni per aerei<\/strong> , in collaborazione con Universit\u00e0 e Organizzazioni di Ricerca, con l'obiettivo di trovare applicazioni economicamente sostenibili e sicure per lo sviluppo di nuovi prodotti.<\/p>\n<p>All research, design, and testing efforts are focused on the continuous improvement of product quality and environmental sustainability.\u2028Ideas and solutions that enhance onboard services while ensuring the highest standards in the aerospace industry.<\/p>\n<\/div><\/div><div class=\"w-separator size_custom\" style=\"height:2rem\"><\/div><div class=\"w-btn-wrapper align_none\"><a class=\"w-btn us-btn-style_3\" href=\"https:\/\/www.iacobucci.aero\/it\/solutions\/#solutions__VIPSeatsDesktop\"><span class=\"w-btn-label\">Scopri le nostre soluzioni<\/span><\/a><\/div><\/div><\/div><div class=\"wpb_column vc_column_container us_custom_d3130c3d us_animate_this has_bg_color\"><div class=\"vc_column-inner\"><div class=\"w-separator size_custom\" style=\"height:35vh\"><\/div><\/div><\/div><\/div><\/div><\/div><\/div><\/div><\/section><section class=\"l-section wpb_row us_custom_2d006276 height_auto\"><div class=\"l-section-h i-cf\"><div class=\"g-cols vc_row via_grid cols_1 laptops-cols_inherit tablets-cols_inherit mobiles-cols_1 valign_top type_default stacking_default\"><div class=\"wpb_column vc_column_container\"><div class=\"vc_column-inner\"><div class=\"g-cols wpb_row us_custom_74adf24d us_animate_this hide_on_mobiles via_grid cols_1 laptops-cols_inherit tablets-cols_inherit mobiles-cols_1 valign_middle type_default stacking_default\" style=\"--columns-gap:0px;\" id=\"design_phraseDesktop\"><div class=\"wpb_column vc_column_container us_custom_8d032b96\"><div class=\"vc_column-inner\"><div class=\"wpb_text_column us_custom_77a2c8da has_text_color\"><div class=\"wpb_wrapper\"><p>Oltre i confini, la nostra filosofia<br \/>\ntra cielo e innovazione<\/p>\n<\/div><\/div><\/div><\/div><\/div><div class=\"g-cols wpb_row us_custom_13caed2d us_animate_this hide_on_default hide_on_laptops hide_on_tablets via_grid cols_1 laptops-cols_inherit tablets-cols_inherit mobiles-cols_1 valign_middle type_default stacking_default\" style=\"--columns-gap:0px;\" id=\"design_phraseMobile\"><div class=\"wpb_column vc_column_container us_custom_8d032b96\"><div class=\"vc_column-inner\"><div class=\"wpb_text_column us_custom_77a2c8da has_text_color\"><div class=\"wpb_wrapper\"><p>Oltre i confini, la nostra filosofia<br \/>\ntra cielo e innovazione<\/p>\n<\/div><\/div><\/div><\/div><\/div><\/div><\/div><\/div><\/div><\/section><section class=\"l-section wpb_row us_custom_6abed2bd height_auto\"><div class=\"l-section-h i-cf\"><div class=\"g-cols vc_row via_grid cols_1 laptops-cols_inherit tablets-cols_inherit mobiles-cols_1 valign_top type_default stacking_default\"><div class=\"wpb_column vc_column_container us_custom_fc8b1fe8\"><div class=\"vc_column-inner\"><div class=\"wpb_text_column us_custom_59ec23c1 us_animate_this\"><div class=\"wpb_wrapper\"><h2>Con Iacobucci HF Aerospace,                        il futuro dell\u2019aviazione \u00e8 gi\u00e0 qui<\/h2>\n<\/div><\/div><div class=\"w-separator size_custom\" style=\"height:2rem\"><\/div><div class=\"g-cols wpb_row via_grid cols_2 laptops-cols_inherit tablets-cols_inherit mobiles-cols_1 valign_middle type_default stacking_default\" style=\"--columns-gap:3rem;\"><div class=\"wpb_column vc_column_container us_custom_7e20fa79 us_animate_this\"><div class=\"vc_column-inner\"><div class=\"wpb_text_column\"><div class=\"wpb_wrapper\"><p>Iacobucci HF Aerospace incarna l\u2019eccellenza italiana nel settore aerospaziale, unendo innovazione tecnologica, design raffinato e un impegno costante verso la qualit\u00e0.<\/p>\n<p>Da oltre cinquant\u2019anni, il nostro brand \u00e8 sinonimo di affidabilit\u00e0, precisione e avanguardia, diventando un punto di riferimento globale per compagnie aeree d\u2019\u00e9lite e clienti esigenti.<\/p>\n<\/div><\/div><\/div><\/div><div class=\"wpb_column vc_column_container us_custom_60e9caca us_animate_this\"><div class=\"vc_column-inner\"><div class=\"wpb_text_column\"><div class=\"wpb_wrapper\"><p>La nostra filosofia si basa su tre pilastri fondamentali: innovazione, qualit\u00e0 e servizio al cliente. Ogni prodotto che realizziamo, dalle <b>macchine per caff\u00e8 espresso per aerei<\/b> ai sistemi di gestione dei rifiuti, dai <b>sedili di lusso ai carrelli per aerei<\/b>, \u00e8 progettato per superare gli standard del settore, garantendo prestazioni eccezionali e un\u2019esperienza unica a bordo.<\/p>\n<\/div><\/div><\/div><\/div><\/div><\/div><\/div><\/div><\/div><\/section><section class=\"l-section wpb_row us_custom_381e67cf height_auto\"><div class=\"l-section-h i-cf\"><div class=\"g-cols vc_row via_grid cols_1 laptops-cols_inherit tablets-cols_inherit mobiles-cols_1 valign_top type_default stacking_default\" style=\"--columns-gap:1rem;\"><div class=\"wpb_column vc_column_container\"><div class=\"vc_column-inner\"><div class=\"g-cols wpb_row via_grid cols_2-3 laptops-cols_inherit tablets-cols_inherit mobiles-cols_1 valign_top type_default stacking_default\" style=\"--columns-gap:1rem;\"><div class=\"wpb_column vc_column_container us_custom_84be209b us_animate_this has_bg_color\"><div class=\"vc_column-inner\"><div class=\"w-separator size_custom\" style=\"height:35vh\"><\/div><\/div><\/div><div class=\"wpb_column vc_column_container us_custom_5c3a8085 us_animate_this has_bg_color\"><div class=\"vc_column-inner\"><div class=\"wpb_text_column us_custom_51bfc77a has_text_color\"><div class=\"wpb_wrapper\"><h2>Un partner globale per l\u2019aviazione commerciale e privata<\/h2>\n<\/div><\/div><div class=\"w-separator size_custom\" style=\"height:2rem\"><\/div><div class=\"wpb_text_column us_custom_1b84a947 has_text_color\"><div class=\"wpb_wrapper\"><p>Iacobucci HF Aerospace \u00e8 orgogliosa di collaborare con le principali compagnie aeree e produttori di aeromobili, tra cui Airbus, Bombardier, Gulfstream, Dassault e Embraer.<br \/>\nI nostri <strong>soluzioni per aeromobili<\/strong> sono stati scelti da flotte presidenziali, reali e aziendali, diventando un simbolo di prestigio e affidabilit\u00e0.<\/p>\n<p>La nostra nuova business unit dedicata ai <strong>sedili di lusso per aereomobili<\/strong>, sviluppata in collaborazione con Designworks USA&lt; (gruppo BMW), rappresenta un ulteriore passo avanti nel nostro impegno verso l\u2019eccellenza.<br \/>\nQuesta gamma di prodotti, progettata per soddisfare le esigenze dei clienti pi\u00f9 esigenti, completa la nostra offerta per il mercato dei jet privati, consolidando la nostra posizione di leader nel settore.<\/p>\n<\/div><\/div><div class=\"w-separator size_custom\" style=\"height:2rem\"><\/div><div class=\"w-btn-wrapper align_none\"><a class=\"w-btn us-btn-style_1\" href=\"https:\/\/www.iacobucci.aero\/it\/solutions\/\"><span class=\"w-btn-label\">Scopri di pi\u00f9<\/span><\/a><\/div><\/div><\/div><\/div><\/div><\/div><\/div><\/div><\/section><section class=\"l-section wpb_row us_custom_1f42a033 height_auto\"><div class=\"l-section-h i-cf\"><div class=\"g-cols vc_row via_grid cols_1 laptops-cols_inherit tablets-cols_inherit mobiles-cols_1 valign_top type_default stacking_default\"><div class=\"wpb_column vc_column_container us_custom_fc8b1fe8\"><div class=\"vc_column-inner\"><div class=\"wpb_text_column us_custom_01fba0d3 us_animate_this\"><div class=\"wpb_wrapper\"><h2>Servizio al cliente,<br \/>\nun supporto senza pari<\/h2>\n<\/div><\/div><div class=\"w-separator size_custom\" style=\"height:2rem\"><\/div><div class=\"g-cols wpb_row via_grid cols_2 laptops-cols_inherit tablets-cols_inherit mobiles-cols_1 valign_middle type_default stacking_default\" style=\"--columns-gap:3rem;\"><div class=\"wpb_column vc_column_container us_custom_7e20fa79 us_animate_this\"><div class=\"vc_column-inner\"><div class=\"wpb_text_column\"><div class=\"wpb_wrapper\"><p>Per la nostra azienda, il cliente \u00e8 al centro di ogni azione. Abbiamo istituito un dipartimento dedicato al supporto clienti, composto da professionisti altamente qualificati e formati secondo gli standard pi\u00f9 rigorosi del settore aeronautico. In caso di necessit\u00e0, un contact center dedicato offre un servizio rapido, efficiente ed esclusivo, garantendo una risoluzione tempestiva di ogni esigenza.<\/p>\n<\/div><\/div><\/div><\/div><div class=\"wpb_column vc_column_container us_custom_60e9caca us_animate_this\"><div class=\"vc_column-inner\"><div class=\"wpb_text_column\"><div class=\"wpb_wrapper\"><p>Il nostro team segue personalmente ogni richiesta, dall\u2019inizio alla completa risoluzione, mantenendo il cliente informato in ogni fase del processo. Inoltre, grazie a una rete globale di centri di assistenza, tra cui il recente accordo con LUFTHANSA Technika Tulsa (USA), siamo in grado di fornire un supporto immediato in ogni parte del mondo.<\/p>\n<\/div><\/div><\/div><\/div><\/div><\/div><\/div><\/div><\/div><\/section><section class=\"l-section wpb_row us_custom_1eafaad8 height_auto width_full\"><div class=\"l-section-h i-cf\"><div class=\"g-cols vc_row via_grid cols_1 laptops-cols_inherit tablets-cols_inherit mobiles-cols_1 valign_top type_default stacking_default\"><div class=\"wpb_column vc_column_container\"><div class=\"vc_column-inner\"><div class=\"g-cols wpb_row us_custom_5c57f6f1 via_grid cols_2 laptops-cols_inherit tablets-cols_inherit mobiles-cols_1 valign_middle type_default stacking_default\" style=\"--columns-gap:3rem;\"><div class=\"wpb_column vc_column_container us_custom_6e52919d us_animate_this\"><div class=\"vc_column-inner\"><div class=\"wpb_text_column us_custom_22fa3828 has_text_color hide_on_tablets\"><div class=\"wpb_wrapper\"><h2>Eccellenza nella produzione:<br \/>\nqualit\u00e0 e sostenibilit\u00e0<\/h2>\n<\/div><\/div><div class=\"wpb_text_column us_custom_22fa3828 has_text_color hide_on_default hide_on_laptops hide_on_mobiles\"><div class=\"wpb_wrapper\"><h2>Eccellenza nella produzione: qualit\u00e0 e sostenibilit\u00e0<\/h2>\n<\/div><\/div><div class=\"w-separator size_custom\" style=\"height:2rem\"><\/div><div class=\"wpb_text_column us_custom_1b84a947 has_text_color\"><div class=\"wpb_wrapper\"><p>La qualit\u00e0 \u00e8 al centro di tutto ci\u00f2 che facciamo. Ogni prodotto Iacobucci HF Aerospace \u00e8 realizzato seguendo rigorosi standard di produzione e certificazioni internazionali. Queste non sono solo un riconoscimento, ma garanzie per i nostri clienti di sicurezza, affidabilit\u00e0 e durevolezza delle nostre <strong>soluzioni per aeromobili<\/strong>.<\/p>\n<p>La nostra attenzione alla qualit\u00e0 si estende anche alla sostenibilit\u00e0. Crediamo che il futuro dell\u2019aviazione debba essere sempre pi\u00f9 green, ed \u00e8 per questo che investiamo in tecnologie e materiali eco-compatibili, riducendo l\u2019impatto ambientale dei nostri prodotti e processi produttivi.<\/p>\n<\/div><\/div><\/div><\/div><div class=\"wpb_column vc_column_container us_custom_aa69176d us_animate_this has_bg_color\"><div class=\"vc_column-inner\"><div class=\"w-separator size_custom\" style=\"height:75vh\" id=\"z2b2\"><style>@media(max-width:600px){ #z2b2{height:500px!important}}<\/style><\/div><\/div><\/div><\/div><\/div><\/div><\/div><\/div><\/section><section class=\"l-section wpb_row us_custom_894c1622 height_auto\"><div class=\"l-section-h i-cf\"><div class=\"g-cols vc_row via_grid cols_1 laptops-cols_inherit tablets-cols_inherit mobiles-cols_1 valign_top type_default stacking_default\" style=\"--columns-gap:1rem;\"><div class=\"wpb_column vc_column_container\"><div class=\"vc_column-inner\"><div class=\"g-cols wpb_row us_custom_5ac01544 via_grid cols_1 laptops-cols_inherit tablets-cols_inherit mobiles-cols_1 valign_top type_default stacking_default\" style=\"--columns-gap:1rem;\"><div class=\"wpb_column vc_column_container us_custom_eb9c990f us_animate_this has_bg_color\"><div class=\"vc_column-inner\"><div class=\"wpb_text_column us_custom_eb849559\"><div class=\"wpb_wrapper\"><h2>Guardando al futuro                                                             per un\u2019innovazione continua<\/h2>\n<\/div><\/div><div class=\"w-separator size_custom\" style=\"height:2rem\"><\/div><div class=\"wpb_text_column us_custom_eb849559\"><div class=\"wpb_wrapper\"><p>The future of Iacobucci HF Aerospace is defined by innovation and growth. We are working towards obtaining new certifications, including the DOA under EASA Part 21 Sub J, and expanding our global presence\u2014bringing Italian excellence to every corner of the world.<\/p>\n<p>Crediamo che il volo non sia solo un mezzo di trasporto, ma un\u2019esperienza unica, che merita di essere vissuta nel massimo comfort e stile.<\/p>\n<\/div><\/div><\/div><\/div><\/div><\/div><\/div><\/div><\/div><\/section><section class=\"l-section wpb_row us_custom_79f9a780 height_auto\"><div class=\"l-section-h i-cf\"><div class=\"g-cols vc_row via_grid cols_1 laptops-cols_inherit tablets-cols_inherit mobiles-cols_1 valign_top type_default stacking_default\"><div class=\"wpb_column vc_column_container\"><div class=\"vc_column-inner\"><div class=\"g-cols wpb_row us_custom_f52c15a9 via_grid cols_1 laptops-cols_inherit tablets-cols_inherit mobiles-cols_1 valign_top type_default stacking_default\" style=\"--columns-gap:3rem;\"><div class=\"wpb_column vc_column_container\"><div class=\"vc_column-inner\"><div class=\"wpb_text_column us_custom_404d029b us_animate_this\"><div class=\"wpb_wrapper\"><h2>Vuoi entrare in contatto con noi?<\/h2>\n<\/div><\/div><div class=\"w-separator size_custom\" style=\"height:1rem\"><\/div><div class=\"w-btn-wrapper align_center\"><a class=\"w-btn us-btn-style_6\" href=\"https:\/\/www.iacobucci.aero\/it\/contact\/\"><span class=\"w-btn-label\">Contattaci<\/span><\/a><\/div><\/div><\/div><\/div><\/div><\/div><\/div><\/div><\/section>","protected":false},"excerpt":{"rendered":"Excellence in Design and Engineering Innovation: The Essence of Iacobucci HF Aerospace Excellence in Design and Engineering Innovation: The Essence of Iacobucci HF Aerospace Innovation, design, and excellence in the aerospace industry For over 50 years, we have been leaders in the design and production of premium solutions for the aviation industry, creating Galley Inserts,...","protected":false},"author":2,"featured_media":0,"parent":0,"menu_order":0,"comment_status":"closed","ping_status":"closed","template":"","meta":{"_acf_changed":false,"footnotes":""},"class_list":["post-950","page","type-page","status-publish","hentry"],"acf":[],"yoast_head":"<!-- This site is optimized with the Yoast SEO plugin v25.3 - https:\/\/yoast.com\/wordpress\/plugins\/seo\/ -->\n<title>Design - Iacobucci HF Aerospace<\/title>\n<meta name=\"robots\" content=\"index, follow, max-snippet:-1, max-image-preview:large, max-video-preview:-1\" \/>\n<link rel=\"canonical\" href=\"https:\/\/www.iacobucci.aero\/it\/design\/\" \/>\n<meta property=\"og:locale\" content=\"it_IT\" \/>\n<meta property=\"og:type\" content=\"article\" \/>\n<meta property=\"og:title\" content=\"Design - Iacobucci HF Aerospace\" \/>\n<meta property=\"og:url\" content=\"https:\/\/www.iacobucci.aero\/it\/design\/\" \/>\n<meta property=\"og:site_name\" content=\"Iacobucci HF Aerospace\" \/>\n<meta property=\"article:modified_time\" content=\"2025-07-01T15:17:01+00:00\" \/>\n<meta property=\"og:image\" content=\"https:\/\/www.iacobucci.aero\/wp-content\/uploads\/2025\/03\/iacobucci_logo-full-dark.png\" \/>\n\t<meta property=\"og:image:width\" content=\"284\" \/>\n\t<meta property=\"og:image:height\" content=\"64\" \/>\n\t<meta property=\"og:image:type\" content=\"image\/png\" \/>\n<meta name=\"twitter:card\" content=\"summary_large_image\" \/>\n<meta name=\"twitter:label1\" content=\"Tempo di lettura stimato\" \/>\n\t<meta name=\"twitter:data1\" content=\"5 minuti\" \/>\n<script type=\"application\/ld+json\" class=\"yoast-schema-graph\">{\"@context\":\"https:\/\/schema.org\",\"@graph\":[{\"@type\":\"WebPage\",\"@id\":\"https:\/\/www.iacobucci.aero\/design\/\",\"url\":\"https:\/\/www.iacobucci.aero\/design\/\",\"name\":\"Design - Iacobucci HF Aerospace\",\"isPartOf\":{\"@id\":\"https:\/\/www.iacobucci.aero\/#website\"},\"datePublished\":\"2025-06-09T14:21:34+00:00\",\"dateModified\":\"2025-07-01T15:17:01+00:00\",\"breadcrumb\":{\"@id\":\"https:\/\/www.iacobucci.aero\/design\/#breadcrumb\"},\"inLanguage\":\"it-IT\",\"potentialAction\":[{\"@type\":\"ReadAction\",\"target\":[\"https:\/\/www.iacobucci.aero\/design\/\"]}]},{\"@type\":\"BreadcrumbList\",\"@id\":\"https:\/\/www.iacobucci.aero\/design\/#breadcrumb\",\"itemListElement\":[{\"@type\":\"ListItem\",\"position\":1,\"name\":\"Home\",\"item\":\"https:\/\/www.iacobucci.aero\/\"},{\"@type\":\"ListItem\",\"position\":2,\"name\":\"Design\"}]},{\"@type\":\"WebSite\",\"@id\":\"https:\/\/www.iacobucci.aero\/#website\",\"url\":\"https:\/\/www.iacobucci.aero\/\",\"name\":\"Iacobucci HF Aerospace\",\"description\":\"\",\"publisher\":{\"@id\":\"https:\/\/www.iacobucci.aero\/#organization\"},\"potentialAction\":[{\"@type\":\"SearchAction\",\"target\":{\"@type\":\"EntryPoint\",\"urlTemplate\":\"https:\/\/www.iacobucci.aero\/?s={search_term_string}\"},\"query-input\":{\"@type\":\"PropertyValueSpecification\",\"valueRequired\":true,\"valueName\":\"search_term_string\"}}],\"inLanguage\":\"it-IT\"},{\"@type\":\"Organization\",\"@id\":\"https:\/\/www.iacobucci.aero\/#organization\",\"name\":\"Iacobucci HF Aerospace\",\"url\":\"https:\/\/www.iacobucci.aero\/\",\"logo\":{\"@type\":\"ImageObject\",\"inLanguage\":\"it-IT\",\"@id\":\"https:\/\/www.iacobucci.aero\/#\/schema\/logo\/image\/\",\"url\":\"https:\/\/www.iacobucci.aero\/wp-content\/uploads\/2025\/03\/iacobucci_logo-full-dark.png\",\"contentUrl\":\"https:\/\/www.iacobucci.aero\/wp-content\/uploads\/2025\/03\/iacobucci_logo-full-dark.png\",\"width\":284,\"height\":64,\"caption\":\"Iacobucci HF Aerospace\"},\"image\":{\"@id\":\"https:\/\/www.iacobucci.aero\/#\/schema\/logo\/image\/\"},\"sameAs\":[\"https:\/\/www.instagram.com\/iacobucci_hf_aerospace\/\",\"https:\/\/it.linkedin.com\/company\/iacobucci-hf-aerospace-spa\"]}]}<\/script>\n<!-- \/ Yoast SEO plugin. -->","yoast_head_json":{"title":"Design - Iacobucci HF Aerospace","robots":{"index":"index","follow":"follow","max-snippet":"max-snippet:-1","max-image-preview":"max-image-preview:large","max-video-preview":"max-video-preview:-1"},"canonical":"https:\/\/www.iacobucci.aero\/it\/design\/","og_locale":"it_IT","og_type":"article","og_title":"Design - Iacobucci HF Aerospace","og_url":"https:\/\/www.iacobucci.aero\/it\/design\/","og_site_name":"Iacobucci HF Aerospace","article_modified_time":"2025-07-01T15:17:01+00:00","og_image":[{"width":284,"height":64,"url":"https:\/\/www.iacobucci.aero\/wp-content\/uploads\/2025\/03\/iacobucci_logo-full-dark.png","type":"image\/png"}],"twitter_card":"summary_large_image","twitter_misc":{"Tempo di lettura stimato":"5 minuti"},"schema":{"@context":"https:\/\/schema.org","@graph":[{"@type":"WebPage","@id":"https:\/\/www.iacobucci.aero\/design\/","url":"https:\/\/www.iacobucci.aero\/design\/","name":"Design - Iacobucci HF Aerospace","isPartOf":{"@id":"https:\/\/www.iacobucci.aero\/#website"},"datePublished":"2025-06-09T14:21:34+00:00","dateModified":"2025-07-01T15:17:01+00:00","breadcrumb":{"@id":"https:\/\/www.iacobucci.aero\/design\/#breadcrumb"},"inLanguage":"it-IT","potentialAction":[{"@type":"ReadAction","target":["https:\/\/www.iacobucci.aero\/design\/"]}]},{"@type":"BreadcrumbList","@id":"https:\/\/www.iacobucci.aero\/design\/#breadcrumb","itemListElement":[{"@type":"ListItem","position":1,"name":"Home","item":"https:\/\/www.iacobucci.aero\/"},{"@type":"ListItem","position":2,"name":"Design"}]},{"@type":"WebSite","@id":"https:\/\/www.iacobucci.aero\/#website","url":"https:\/\/www.iacobucci.aero\/","name":"Iacobucci HF Aerospace","description":"","publisher":{"@id":"https:\/\/www.iacobucci.aero\/#organization"},"potentialAction":[{"@type":"SearchAction","target":{"@type":"EntryPoint","urlTemplate":"https:\/\/www.iacobucci.aero\/?s={search_term_string}"},"query-input":{"@type":"PropertyValueSpecification","valueRequired":true,"valueName":"search_term_string"}}],"inLanguage":"it-IT"},{"@type":"Organization","@id":"https:\/\/www.iacobucci.aero\/#organization","name":"Iacobucci HF Aerospace","url":"https:\/\/www.iacobucci.aero\/","logo":{"@type":"ImageObject","inLanguage":"it-IT","@id":"https:\/\/www.iacobucci.aero\/#\/schema\/logo\/image\/","url":"https:\/\/www.iacobucci.aero\/wp-content\/uploads\/2025\/03\/iacobucci_logo-full-dark.png","contentUrl":"https:\/\/www.iacobucci.aero\/wp-content\/uploads\/2025\/03\/iacobucci_logo-full-dark.png","width":284,"height":64,"caption":"Iacobucci HF Aerospace"},"image":{"@id":"https:\/\/www.iacobucci.aero\/#\/schema\/logo\/image\/"},"sameAs":["https:\/\/www.instagram.com\/iacobucci_hf_aerospace\/","https:\/\/it.linkedin.com\/company\/iacobucci-hf-aerospace-spa"]}]}},"_links":{"self":[{"href":"https:\/\/www.iacobucci.aero\/it\/wp-json\/wp\/v2\/pages\/950","targetHints":{"allow":["GET"]}}],"collection":[{"href":"https:\/\/www.iacobucci.aero\/it\/wp-json\/wp\/v2\/pages"}],"about":[{"href":"https:\/\/www.iacobucci.aero\/it\/wp-json\/wp\/v2\/types\/page"}],"author":[{"embeddable":true,"href":"https:\/\/www.iacobucci.aero\/it\/wp-json\/wp\/v2\/users\/2"}],"replies":[{"embeddable":true,"href":"https:\/\/www.iacobucci.aero\/it\/wp-json\/wp\/v2\/comments?post=950"}],"version-history":[{"count":37,"href":"https:\/\/www.iacobucci.aero\/it\/wp-json\/wp\/v2\/pages\/950\/revisions"}],"predecessor-version":[{"id":1365,"href":"https:\/\/www.iacobucci.aero\/it\/wp-json\/wp\/v2\/pages\/950\/revisions\/1365"}],"wp:attachment":[{"href":"https:\/\/www.iacobucci.aero\/it\/wp-json\/wp\/v2\/media?parent=950"}],"curies":[{"name":"wp","href":"https:\/\/api.w.org\/{rel}","templated":true}]}}